{"id":409,"date":"2022-02-14T18:40:52","date_gmt":"2022-02-14T17:40:52","guid":{"rendered":"http:\/\/www.expertandorra.com\/cookies\/"},"modified":"2022-02-14T20:38:37","modified_gmt":"2022-02-14T19:38:37","slug":"cookies","status":"publish","type":"page","link":"https:\/\/www.expertandorra.com\/fr\/cookies\/","title":{"rendered":"Cookies"},"content":{"rendered":"<p>[vc_row][vc_column][vc_column_text]<\/p>\n<div class=\"cli_pg_page_contaner\">\n<h3>Disposicions Generals<\/h3>\n<div>Ce site Web utilise des \u00ab\u00a0cookies\u00a0\u00bb, c&rsquo;est-\u00e0-dire de petits fichiers de donn\u00e9es g\u00e9n\u00e9r\u00e9s sur les ordinateurs et autres appareils mobiles ou \u00e9lectroniques \u00e0 partir desquels vous acc\u00e9dez \u00e0 ce site Web et qui permettent, entre autres, d&rsquo;obtenir des informations sur la date et l&rsquo;heure de votre entr\u00e9e et le contenu s\u00e9lectionn\u00e9 par vous, ce qui permettra \u00e0 EXPERT ANDORRA. am\u00e9liorer la qualit\u00e9 et la s\u00e9curit\u00e9 de ces contenus.<br \/>\nNous vous informons \u00e9galement que nous ne stockerons des \u00ab\u00a0cookies\u00a0\u00bb sur votre appareil que s&rsquo;ils sont strictement n\u00e9cessaires au fonctionnement de ce site. Pour tous les autres types de \u00ab\u00a0cookies\u00a0\u00bb, nous vous demanderons votre autorisation et par cons\u00e9quent nous n&rsquo;enregistrerons aucun de ces \u00ab\u00a0cookies\u00a0\u00bb &#8211; \u00e0 l&rsquo;exception des \u00ab\u00a0cookies\u00a0\u00bb pr\u00e9cit\u00e9s strictement n\u00e9cessaires au fonctionnement de ce site que vous n&rsquo;avez pas pr\u00e9alablement accept\u00e9s .<br \/>\nVous pouvez modifier ou retirer votre consentement conform\u00e9ment \u00e0 cette politique.<br \/>\nDans les cas o\u00f9 les \u00ab\u00a0cookies\u00a0\u00bb de ce site Web pourraient \u00eatre consid\u00e9r\u00e9s comme des donn\u00e9es personnelles, EXPERT ANDORRA les traitera conform\u00e9ment \u00e0 sa politique de confidentialit\u00e9.<br \/>\nPour plus d&rsquo;informations sur EXPERT ANDORRA et vos coordonn\u00e9es, ainsi que sur la mani\u00e8re dont cette soci\u00e9t\u00e9 traite vos donn\u00e9es personnelles, vous pouvez acc\u00e9der \u00e0 la politique de confidentialit\u00e9 d&rsquo;EXPERT ANDORRA.<\/div>\n<div><\/div>\n<h3>Types de cookies<\/h3>\n<div>Les cookies peuvent \u00eatre class\u00e9s en fonction de leur finalit\u00e9, de leur dur\u00e9e ou de qui les g\u00e8re. Veuillez noter qu&rsquo;un m\u00eame cookie peut appartenir \u00e0 plusieurs cat\u00e9gories. EXPERT ANDORRA utilise ses propres cookies et ceux de tiers qui nous permettent de g\u00e9rer et d&rsquo;am\u00e9liorer les services propos\u00e9s.<br \/>\nVous trouverez ci-dessous un catalogue des cookies utilis\u00e9s sur ce site et leur description correspondante.<\/div>\n<div><\/div>\n<p><strong><em>2.1. Cookies et autres technologies de collecte \u00e0 des fins statistiques<\/em><\/strong><\/p>\n<p>Ces technologies permettent \u00e0 EXPERT ANDORRA, et \/ ou aux autres fournisseurs mentionn\u00e9s ci-dessous lorsqu&rsquo;ils agissent en tant que gestionnaires, de comprendre comment vous interagissez avec le site Web, et ainsi d&rsquo;effectuer une analyse statistique de son utilisation afin d&rsquo;introduire des am\u00e9liorations dans les produits et services propos\u00e9s par la personne. en charge.<\/p>\n<\/div>\n<p>[\/vc_column_text][vc_raw_html]JTVCY29va2llX2F1ZGl0JTIwY2F0ZWdvcnklM0QlMjJhbmFseXRpY3MtZnIlMjIlMjBzdHlsZSUzRCUyMndpbnRlciUyMiUyMGNvbHVtbnMlM0QlMjJjb29raWUlMkNkdXJhdGlvbiUyQ2Rlc2NyaXB0aW9uJTIyJTVE[\/vc_raw_html][vc_column_text]<\/p>\n<div><strong><em>2.2 Cookies techniques<\/em><\/strong><br \/>\nCes types de cookies techniques sont n\u00e9cessaires car ils permettent l&rsquo;utilisation de ce site Web en activant des fonctions de base, telles que, par exemple, la navigation de page non limitative. Le site Web ne peut pas fonctionner correctement sans ces cookies.<\/div>\n<p>[\/vc_column_text][vc_raw_html]JTVCY29va2llX2F1ZGl0JTIwY2F0ZWdvcnklM0QlMjJuZWNlc3NhcnktZnIlMjIlMjBzdHlsZSUzRCUyMndpbnRlciUyMiUyMGNvbHVtbnMlM0QlMjJjb29raWUlMkNkdXJhdGlvbiUyQ2Rlc2NyaXB0aW9uJTIyJTVE[\/vc_raw_html][\/vc_column][\/vc_row][vc_row][vc_column][vc_column_text]<\/p>\n<div class=\"cli_pg_page_contaner\">\n<div><\/div>\n<div class=\"cli_pg_page_contaner\">\n<h3>Bloquer, d\u00e9sactiver et\/ou supprimer les cookies<\/h3>\n<div>EXPERT ANDORRA vous informe que les \u00ab\u00a0cookies\u00a0\u00bb \u00e9tablis dans la section pr\u00e9c\u00e9dente &#8211; \u00e0 l&rsquo;exception des Cookies n\u00e9cessaires &#8211; peuvent \u00eatre bloqu\u00e9s, d\u00e9sactiv\u00e9s et\/ou supprim\u00e9s \u00e0 tout moment selon les instructions de chaque navigateur Web, que vous trouverez ci-dessous.:<br \/>\n<a href=\"https:\/\/support.google.com\/chrome\/answer\/95647?co=GENIE.Platform%3DAndroid&amp;hl=es\">Google Chrome<\/a><br \/>\n<a href=\"https:\/\/support.mozilla.org\/es\/kb\/Borrar%20cookies\">Mozilla Firefox<\/a><br \/>\n<a href=\"https:\/\/support.apple.com\/es-us\/guide\/safari\/sfri11471\/mac\">Safari<\/a><br \/>\n<a href=\"https:\/\/support.microsoft.com\/es-es\/topic\/c%C3%B3mo-eliminar-archivos-de-cookies-en-internet-explorer-bca9446f-d873-78de-77ba-d42645fa52fc\">Internet Explorer<\/a><br \/>\nPour plus d&rsquo;informations concernant le blocage, la d\u00e9sactivation et\/ou la suppression des cookies, vous pouvez visiter le site Web suivant :<a href=\"https:\/\/www.aboutcookies.org\/\">About Cookies<\/a><\/p>\n<\/div>\n<\/div>\n<div><\/div>\n<div><\/div>\n<\/div>\n<p>[\/vc_column_text][\/vc_column][\/vc_row]<\/p>\n","protected":false},"excerpt":{"rendered":"<p>[vc_row][vc_column][vc_column_text] Disposicions Generals Ce site Web utilise des \u00ab\u00a0cookies\u00a0\u00bb, c&rsquo;est-\u00e0-dire de petits fichiers de donn\u00e9es g\u00e9n\u00e9r\u00e9s sur les ordinateurs et autres appareils mobiles ou \u00e9lectroniques \u00e0 partir desquels vous acc\u00e9dez \u00e0 ce site Web et qui permettent, entre autres, d&rsquo;obtenir des informations sur la date et l&rsquo;heure de votre entr\u00e9e et le contenu s\u00e9lectionn\u00e9 par vous, ce qui permettra \u00e0 EXPERT ANDORRA. am\u00e9liorer la qualit\u00e9 et la s\u00e9curit\u00e9 de ces contenus. Nous vous informons \u00e9galement que nous ne stockerons des \u00ab\u00a0cookies\u00a0\u00bb sur votre appareil que s&rsquo;ils sont strictement n\u00e9cessaires au fonctionnement de ce site. Pour tous les autres types de \u00ab\u00a0cookies\u00a0\u00bb, nous vous demanderons votre autorisation et par cons\u00e9quent nous n&rsquo;enregistrerons aucun de ces \u00ab\u00a0cookies\u00a0\u00bb &#8211; \u00e0 l&rsquo;exception des \u00ab\u00a0cookies\u00a0\u00bb pr\u00e9cit\u00e9s strictement n\u00e9cessaires au fonctionnement de ce site que vous n&rsquo;avez pas pr\u00e9alablement accept\u00e9s . Vous pouvez modifier ou retirer votre consentement conform\u00e9ment \u00e0 cette politique. Dans les cas o\u00f9 les \u00ab\u00a0cookies\u00a0\u00bb de ce site Web pourraient \u00eatre consid\u00e9r\u00e9s comme des donn\u00e9es personnelles, EXPERT ANDORRA les traitera conform\u00e9ment \u00e0 sa politique de confidentialit\u00e9. Pour plus d&rsquo;informations sur EXPERT ANDORRA et vos coordonn\u00e9es, ainsi que sur la mani\u00e8re dont cette soci\u00e9t\u00e9 traite vos donn\u00e9es personnelles, vous pouvez acc\u00e9der \u00e0 la politique [&hellip;]<\/p>\n","protected":false},"author":1,"featured_media":0,"parent":0,"menu_order":0,"comment_status":"closed","ping_status":"closed","template":"","meta":[],"_links":{"self":[{"href":"https:\/\/www.expertandorra.com\/fr\/wp-json\/wp\/v2\/pages\/409"}],"collection":[{"href":"https:\/\/www.expertandorra.com\/fr\/wp-json\/wp\/v2\/pages"}],"about":[{"href":"https:\/\/www.expertandorra.com\/fr\/wp-json\/wp\/v2\/types\/page"}],"author":[{"embeddable":true,"href":"https:\/\/www.expertandorra.com\/fr\/wp-json\/wp\/v2\/users\/1"}],"replies":[{"embeddable":true,"href":"https:\/\/www.expertandorra.com\/fr\/wp-json\/wp\/v2\/comments?post=409"}],"version-history":[{"count":11,"href":"https:\/\/www.expertandorra.com\/fr\/wp-json\/wp\/v2\/pages\/409\/revisions"}],"predecessor-version":[{"id":452,"href":"https:\/\/www.expertandorra.com\/fr\/wp-json\/wp\/v2\/pages\/409\/revisions\/452"}],"wp:attachment":[{"href":"https:\/\/www.expertandorra.com\/fr\/wp-json\/wp\/v2\/media?parent=409"}],"curies":[{"name":"wp","href":"https:\/\/api.w.org\/{rel}","templated":true}]}}