{"id":186,"date":"2017-07-03T13:59:46","date_gmt":"2017-07-03T12:59:46","guid":{"rendered":"http:\/\/www.expertandorra.com\/?page_id=186\/"},"modified":"2022-02-14T17:45:07","modified_gmt":"2022-02-14T16:45:07","slug":"inici","status":"publish","type":"page","link":"https:\/\/www.expertandorra.com\/ca\/","title":{"rendered":"Inici"},"content":{"rendered":"<p>[vc_row type=&#8221;full_width_section&#8221; top_padding=&#8221;34&#8243; bg_position=&#8221;left top&#8221;][vc_column][vc_column_text]\n\t\t\t<!-- START Slider 3 REVOLUTION SLIDER 6.5.15 --><p class=\"rs-p-wp-fix\"><\/p>\n\t\t\t<rs-module-wrap id=\"rev_slider_3_1_wrapper\" data-source=\"gallery\" style=\"visibility:hidden;background:transparent;padding:0;margin:0px auto;margin-top:0;margin-bottom:0;\">\n\t\t\t\t<rs-module id=\"rev_slider_3_1\" style=\"\" data-version=\"6.5.15\">\n\t\t\t\t\t<rs-slides>\n\t\t\t\t\t\t<rs-slide style=\"position: absolute;\" data-key=\"rs-3\" data-title=\"home\" data-in=\"o:0;\" data-out=\"a:false;\">\n\t\t\t\t\t\t\t<img src=\"\/\/www.expertandorra.com\/wp-content\/plugins\/revslider\/public\/assets\/assets\/dummy.png\" alt=\"\" title=\"Exper_playstation\" width=\"1400\" height=\"700\" class=\"rev-slidebg tp-rs-img rs-lazyload\" data-lazyload=\"\/\/www.expertandorra.com\/wp-content\/uploads\/2017\/02\/Exper_playstation.jpg\" data-no-retina>\n<!---->\t\t\t\t\t\t<\/rs-slide>\n\t\t\t\t\t<\/rs-slides>\n\t\t\t\t<\/rs-module>\n\t\t\t\t<script>\n\t\t\t\t\tsetREVStartSize({c: 'rev_slider_3_1',rl:[1240,1024,778,480],el:[900],gw:[1240],gh:[900],type:'standard',justify:'',layout:'fullwidth',mh:\"0\"});if (window.RS_MODULES!==undefined && window.RS_MODULES.modules!==undefined && window.RS_MODULES.modules[\"revslider31\"]!==undefined) {window.RS_MODULES.modules[\"revslider31\"].once = false;window.revapi3 = undefined;if (window.RS_MODULES.checkMinimal!==undefined) window.RS_MODULES.checkMinimal()}\n\t\t\t\t<\/script>\n\t\t\t<\/rs-module-wrap>\n\t\t\t<!-- END REVOLUTION SLIDER -->\n[\/vc_column_text][\/vc_column][\/vc_row][vc_row content_placement=&#8221;middle&#8221; type=&#8221;full_width_section&#8221; top_padding=&#8221;100&#8243; bottom_padding=&#8221;0&#8243; row_id=&#8221;intro&#8221; bg_position=&#8221;left top&#8221; css=&#8221;.vc_custom_1644857088953{padding-top: 72px !important;padding-right: 20% !important;padding-bottom: 72px !important;padding-left: 20% !important;}&#8221; el_id=&#8221;intro&#8221;][vc_column bg_color=&#8221;#f6f6f6&#8243; column_padding=&#8221;padding-8&#8243; column_center=&#8221;true&#8221;][vc_column_text el_class=&#8221;headText&#8221;]<\/p>\n<h1 style=\"font-size: 36px; color: #797979; font-family: 'Lusitana',Arial,Helvetica,sans-serif; font-weight: 800;\">Som EXPERTS<br \/>\nen <span style=\"color: #3d8ef2;\">la venda i distribuci\u00f3 de productes<\/span><br \/>\nelectr\u00f2nics i d\u2019entreteniment.<\/h1>\n<p>[\/vc_column_text][vc_separator color=&#8221;custom&#8221; align=&#8221;align_left&#8221; border_width=&#8221;2&#8243; el_width=&#8221;10&#8243; accent_color=&#8221;#797979&#8243; el_class=&#8221;border-line&#8221;][vc_column_text]EXPERT S.A. \u00e9s una empresa d\u2019importaci\u00f3 i d\u2019exportaci\u00f3, nascuda l\u2019any 2000, dedicada a la venda i la distribuci\u00f3 de productes d\u2019electr\u00f2nica i d\u2019entreteniment. Formada per un equip amb una experi\u00e8ncia de m\u00e9s de 40 anys al sector, \u00e9s l\u2019empresa l\u00edder especialitzada en l\u2019oci, b\u00e0sicament del videojoc, que va difondre i expandir la pres\u00e8ncia de la videoconsola i els seus jocs als nombrosos punts de venda del Principat d\u2019Andorra.<\/p>\n<p>L\u2019any 2007 ens vam presentar amb suports \u00f2ptics, mem\u00f2ries flaix i discs durs i, l\u2019any 2015, vam ampliar la nostra oferta amb drons, cotxes el\u00e8ctrics i diferents productes relacionats amb les joguines. L\u2019any 2016 van llan\u00e7ar al mercat la distribuci\u00f3 de productes del m\u00f3n de les xarxes socials, amb les seves emoticones en forma de clauers, coixins, moneders, llibretes, tasses, etc.<\/p>\n<p>L\u2019any 2017, hem ampliat el nostre cat\u00e0leg i distribu\u00efm la marca CELESTRON, especialitzada en telescopis, binoculars i ulleres de llarga vista de molt alta qualitat; aix\u00ed mateix, hem llan\u00e7at al mercat productes de la marca AUNA, especialitzada en receptors de r\u00e0dio per Internet, DAB i DAB+. En el segon trimestre d\u2019aquest any 2017, hem comen\u00e7at a distribuir la marca d\u2019electr\u00f2nica VIETA, una llic\u00e8ncia de gran prestigi internacional.[\/vc_column_text][\/vc_column][\/vc_row][vc_row full_width=&#8221;stretch_row&#8221; type=&#8221;full_width_section&#8221; bg_color=&#8221;#79797e&#8221; top_padding=&#8221;55&#8243; bottom_padding=&#8221;20&#8243; row_id=&#8221;brands&#8221; css=&#8221;.vc_custom_1644856159342{margin-bottom: 0px !important;padding-top: 48px !important;padding-bottom: 0px !important;background-color: #79797e !important;}&#8221;][vc_column][vc_column_text]<\/p>\n<h2 style=\"text-align: center; font-family: 'Lusitana',Arial,Helvetica,sans-serif; font-size: 32px; color: #fff;\">Marques<\/h2>\n<p>[\/vc_column_text][\/vc_column][\/vc_row][vc_row full_width=&#8221;stretch_row&#8221; equal_height=&#8221;yes&#8221; content_placement=&#8221;middle&#8221; bg_color=&#8221;#79797e&#8221; bottom_padding=&#8221;20&#8243; row_id=&#8221;intro&#8221; css=&#8221;.vc_custom_1644857097077{margin-bottom: 0px !important;padding-right: 10% !important;padding-bottom: 0px !important;padding-left: 10% !important;background-color: #79797e !important;}&#8221; el_class=&#8221;align-center-flex&#8221; el_id=&#8221;brands&#8221;][vc_column width=&#8221;1\/4&#8243; column_center=&#8221;true&#8221;][vc_single_image image=&#8221;25&#8243; img_size=&#8221;medium&#8221; alignment=&#8221;center&#8221;][\/vc_column][vc_column width=&#8221;1\/4&#8243;][vc_single_image image=&#8221;31&#8243; img_size=&#8221;medium&#8221; alignment=&#8221;center&#8221;][\/vc_column][vc_column width=&#8221;1\/4&#8243;][vc_single_image image=&#8221;30&#8243; img_size=&#8221;medium&#8221; alignment=&#8221;center&#8221;][\/vc_column][vc_column width=&#8221;1\/4&#8243;][vc_single_image image=&#8221;156&#8243; img_size=&#8221;medium&#8221; alignment=&#8221;center&#8221;][\/vc_column][\/vc_row][vc_row full_width=&#8221;stretch_row&#8221; equal_height=&#8221;yes&#8221; content_placement=&#8221;middle&#8221; bg_color=&#8221;#79797e&#8221; top_padding=&#8221;0&#8243; bottom_padding=&#8221;40&#8243; class=&#8221;five-columns&#8221; row_id=&#8221;intro&#8221; css=&#8221;.vc_custom_1644856170553{margin-bottom: 0px !important;padding-right: 10% !important;padding-bottom: 0px !important;padding-left: 10% !important;background-color: #79797e !important;}&#8221; el_class=&#8221;align-center-flex&#8221;][vc_column width=&#8221;1\/6&#8243; column_center=&#8221;true&#8221;][vc_single_image image=&#8221;69&#8243; img_size=&#8221;medium&#8221; alignment=&#8221;center&#8221;][\/vc_column][vc_column width=&#8221;1\/6&#8243; column_center=&#8221;true&#8221;][vc_single_image image=&#8221;67&#8243; img_size=&#8221;medium&#8221; alignment=&#8221;center&#8221;][\/vc_column][vc_column width=&#8221;1\/6&#8243; column_center=&#8221;true&#8221;][vc_single_image image=&#8221;66&#8243; img_size=&#8221;medium&#8221; alignment=&#8221;center&#8221;][\/vc_column][vc_column width=&#8221;1\/6&#8243; column_center=&#8221;true&#8221;][vc_single_image image=&#8221;68&#8243; img_size=&#8221;medium&#8221; alignment=&#8221;center&#8221;][\/vc_column][vc_column width=&#8221;1\/6&#8243;][vc_single_image image=&#8221;213&#8243; img_size=&#8221;medium&#8221; alignment=&#8221;center&#8221;][\/vc_column][\/vc_row][vc_row full_width=&#8221;stretch_row_content_no_spaces&#8221; content_placement=&#8221;top&#8221; type=&#8221;full_width_section&#8221; bg_color=&#8221;#f9f9f9&#8243; top_padding=&#8221;0&#8243; row_id=&#8221;portfoliopart&#8221; bg_position=&#8221;center top&#8221; css=&#8221;.vc_custom_1644856214631{margin-top: 0px !important;margin-bottom: 0px !important;padding-top: 0px !important;padding-bottom: 0px !important;background-color: #f9f9f9 !important;}&#8221;][vc_column width=&#8221;1\/4&#8243; css=&#8221;.vc_custom_1644855196585{margin-top: 0px !important;padding-top: 0px !important;}&#8221;][vc_single_image image=&#8221;176&#8243; img_size=&#8221;640&#215;640&#8243; alignment=&#8221;center&#8221; onclick=&#8221;link_image&#8221; css=&#8221;.vc_custom_1644855164936{margin-top: 0px !important;padding-top: 0px !important;}&#8221;][\/vc_column][vc_column width=&#8221;1\/4&#8243; css=&#8221;.vc_custom_1644855143088{margin-top: 0px !important;padding-top: 0px !important;}&#8221;][vc_single_image image=&#8221;174&#8243; img_size=&#8221;640&#215;640&#8243; alignment=&#8221;center&#8221; onclick=&#8221;link_image&#8221;][\/vc_column][vc_column width=&#8221;1\/4&#8243; css=&#8221;.vc_custom_1644855172532{margin-top: 0px !important;padding-top: 0px !important;}&#8221;][vc_single_image image=&#8221;175&#8243; img_size=&#8221;640&#215;640&#8243; alignment=&#8221;center&#8221; onclick=&#8221;link_image&#8221;][\/vc_column][vc_column width=&#8221;1\/4&#8243; css=&#8221;.vc_custom_1644855178557{margin-top: 0px !important;padding-top: 0px !important;}&#8221;][vc_single_image image=&#8221;173&#8243; img_size=&#8221;640&#215;640&#8243; alignment=&#8221;center&#8221; onclick=&#8221;link_image&#8221;][\/vc_column][\/vc_row][vc_row full_width=&#8221;stretch_row&#8221; bg_color=&#8221;#f9f9f9&#8243; text_align=&#8221;center&#8221; top_padding=&#8221;50&#8243; bottom_padding=&#8221;50&#8243; row_id=&#8221;contact&#8221; bg_position=&#8221;left top&#8221; css=&#8221;.vc_custom_1644857104554{margin-bottom: 0px !important;padding-top: 72px !important;padding-bottom: 0px !important;background-color: #f9f9f9 !important;}&#8221; el_id=&#8221;contact&#8221;][vc_column][vc_column_text]<\/p>\n<h2 style=\"text-align: center; font-family: 'Lusitana',Arial,Helvetica,sans-serif; font-size: 32px;\">Contacte<\/h2>\n<p>[\/vc_column_text][\/vc_column][\/vc_row][vc_row full_width=&#8221;stretch_row&#8221; bg_color=&#8221;#f9f9f9&#8243; text_align=&#8221;center&#8221; top_padding=&#8221;20&#8243; bottom_padding=&#8221;80&#8243; row_id=&#8221;contact&#8221; bg_position=&#8221;left top&#8221; css=&#8221;.vc_custom_1644856233831{margin-bottom: 0px !important;padding-right: 20% !important;padding-bottom: 72px !important;padding-left: 20% !important;background-color: #f9f9f9 !important;}&#8221;][vc_column width=&#8221;1\/2&#8243; el_class=&#8221;ContactoBlock&#8221;]<div role=\"form\" class=\"wpcf7\" id=\"wpcf7-f6-o1\" lang=\"ca\" dir=\"ltr\">\n<div class=\"screen-reader-response\"><p role=\"status\" aria-live=\"polite\" aria-atomic=\"true\"><\/p> <ul><\/ul><\/div>\n<form action=\"\/ca\/wp-json\/wp\/v2\/pages\/186#wpcf7-f6-o1\" method=\"post\" class=\"wpcf7-form init\" novalidate=\"novalidate\" data-status=\"init\">\n<div style=\"display: none;\">\n<input type=\"hidden\" name=\"_wpcf7\" value=\"6\" \/>\n<input type=\"hidden\" name=\"_wpcf7_version\" value=\"5.5.5\" \/>\n<input type=\"hidden\" name=\"_wpcf7_locale\" value=\"ca\" \/>\n<input type=\"hidden\" name=\"_wpcf7_unit_tag\" value=\"wpcf7-f6-o1\" \/>\n<input type=\"hidden\" name=\"_wpcf7_container_post\" value=\"0\" \/>\n<input type=\"hidden\" name=\"_wpcf7_posted_data_hash\" value=\"\" \/>\n<\/div>\n<p><label><span class=\"wpcf7-form-control-wrap your-name\"><input type=\"text\" name=\"your-name\" value=\"\" size=\"40\" class=\"wpcf7-form-control wpcf7-text wpcf7-validates-as-required\" aria-required=\"true\" aria-invalid=\"false\" placeholder=\"NOMBRE\" \/><\/span> <\/label><\/p>\n<p><label><span class=\"wpcf7-form-control-wrap your-email\"><input type=\"email\" name=\"your-email\" value=\"\" size=\"40\" class=\"wpcf7-form-control wpcf7-text wpcf7-email wpcf7-validates-as-required wpcf7-validates-as-email\" aria-required=\"true\" aria-invalid=\"false\" placeholder=\"EMAIL*\" \/><\/span> <\/label><\/p>\n<p><label><span class=\"wpcf7-form-control-wrap your-phone\"><input type=\"tel\" name=\"your-phone\" value=\"\" size=\"40\" class=\"wpcf7-form-control wpcf7-text wpcf7-tel wpcf7-validates-as-required wpcf7-validates-as-tel\" aria-required=\"true\" aria-invalid=\"false\" placeholder=\"TEL\u00c9FONO*\" \/><\/span> <\/label><\/p>\n<p><label><span class=\"wpcf7-form-control-wrap your-message\"><textarea name=\"your-message\" cols=\"40\" rows=\"10\" class=\"wpcf7-form-control wpcf7-textarea\" aria-invalid=\"false\" placeholder=\"MENSAJE\"><\/textarea><\/span> <\/label><\/p>\n<p><input type=\"submit\" value=\"ENVIAR\" class=\"wpcf7-form-control has-spinner wpcf7-submit\" \/><\/p>\n<div class=\"wpcf7-response-output\" aria-hidden=\"true\"><\/div><\/form><\/div>[\/vc_column][vc_column width=&#8221;1\/2&#8243;][vc_gmaps link=&#8221;#E-8_JTNDaWZyYW1lJTIwc3JjJTNEJTIyaHR0cHMlM0ElMkYlMkZ3d3cuZ29vZ2xlLmNvbSUyRm1hcHMlMkZlbWJlZCUzRnBiJTNEJTIxMW0xOCUyMTFtMTIlMjExbTMlMjExZDQ3Ni43ODYyMTU4ODkxNDMxNCUyMTJkMS41MzUyMjcxNzc2MTQ5NTI5JTIxM2Q0Mi41MDgxNDgwMTk4MTc2NCUyMTJtMyUyMTFmMCUyMTJmMCUyMTNmMCUyMTNtMiUyMTFpMTAyNCUyMTJpNzY4JTIxNGYxMy4xJTIxM20zJTIxMW0yJTIxMXMweDEyYTU4YWRjNzc5ODEzMGIlMjUzQTB4NDNjNzM1NjJmOWZlYmFiNCUyMTJzRXhwZXJ0JTI1MjBBbmRvcnJhJTIxNWUwJTIxM20yJTIxMXNlcyUyMTJzYWQlMjE0djE2NDQ4NTI1MjQ4MDIlMjE1bTIlMjExc2VzJTIxMnNhZCUyMiUyMHdpZHRoJTNEJTIyNjAwJTIyJTIwaGVpZ2h0JTNEJTIyNDUwJTIyJTIwc3R5bGUlM0QlMjJib3JkZXIlM0EwJTNCJTIyJTIwYWxsb3dmdWxsc2NyZWVuJTNEJTIyJTIyJTIwbG9hZGluZyUzRCUyMmxhenklMjIlM0UlM0MlMkZpZnJhbWUlM0U=&#8221;][vc_column_text]<\/p>\n<p style=\"font-size: 16px; line-height: 20px; color: #333;\">C\/ Sant Antoni, 5 Entresuelo<br \/>\nEscaldes-Engordany<br \/>\nAD700<br \/>\nPrincipado de Andorra<\/p>\n<p style=\"font-size: 16px; line-height: 20px; color: #333;\">TEL : <a href=\"tel:00376803455\">+376 803455<\/a><br \/>\nCORREU : <a href=\"mailto:info@expertandorra.com\">info@expertandorra.com<\/a><\/p>\n<p>[\/vc_column_text][\/vc_column][\/vc_row][vc_row full_width=&#8221;stretch_row&#8221; type=&#8221;full_width_section&#8221; bg_color=&#8221;#3e8ef3&#8243; css=&#8221;.vc_custom_1644856229009{background-color: #3e8ef3 !important;}&#8221;][vc_column column_padding=&#8221;padding-1&#8243;][vc_column_text]<\/p>\n<p style=\"text-align: center; color: #333; font-size: 28px; font-weight: bold; font-family: 'Lusitana',Arial,Helvetica,sans-serif;\">Per a consultes tamb\u00e9 podeu contactar amb nosaltres per correu<\/p>\n<p>[\/vc_column_text][vc_btn title=&#8221;Contacte&#8221; color=&#8221;white&#8221; align=&#8221;center&#8221; link=&#8221;url:mailto%3Ainfo%40expertandorra.com|&#8221;][\/vc_column][\/vc_row]<\/p>\n","protected":false},"excerpt":{"rendered":"<p>[vc_row type=&#8221;full_width_section&#8221; top_padding=&#8221;34&#8243; bg_position=&#8221;left top&#8221;][vc_column][vc_column_text][\/vc_column_text][\/vc_column][\/vc_row][vc_row content_placement=&#8221;middle&#8221; type=&#8221;full_width_section&#8221; top_padding=&#8221;100&#8243; bottom_padding=&#8221;0&#8243; row_id=&#8221;intro&#8221; bg_position=&#8221;left top&#8221; css=&#8221;.vc_custom_1644857088953{padding-top: 72px !important;padding-right: 20% !important;padding-bottom: 72px !important;padding-left: 20% !important;}&#8221; el_id=&#8221;intro&#8221;][vc_column bg_color=&#8221;#f6f6f6&#8243; column_padding=&#8221;padding-8&#8243; column_center=&#8221;true&#8221;][vc_column_text el_class=&#8221;headText&#8221;] Som EXPERTS en la venda i distribuci\u00f3 de productes electr\u00f2nics i d\u2019entreteniment. [\/vc_column_text][vc_separator color=&#8221;custom&#8221; align=&#8221;align_left&#8221; border_width=&#8221;2&#8243; el_width=&#8221;10&#8243; accent_color=&#8221;#797979&#8243; el_class=&#8221;border-line&#8221;][vc_column_text]EXPERT S.A. \u00e9s una empresa d\u2019importaci\u00f3 i d\u2019exportaci\u00f3, nascuda l\u2019any 2000, dedicada a la venda i la distribuci\u00f3 de productes d\u2019electr\u00f2nica i d\u2019entreteniment. Formada per un equip amb una experi\u00e8ncia de m\u00e9s de 40 anys al sector, \u00e9s l\u2019empresa l\u00edder especialitzada en l\u2019oci, b\u00e0sicament del videojoc, que va difondre i expandir la pres\u00e8ncia de la videoconsola i els seus jocs als nombrosos punts de venda del Principat d\u2019Andorra. L\u2019any 2007 ens vam presentar amb suports \u00f2ptics, mem\u00f2ries flaix i discs durs i, l\u2019any 2015, vam ampliar la nostra oferta amb drons, cotxes el\u00e8ctrics i diferents productes relacionats amb les joguines. L\u2019any 2016 van llan\u00e7ar al mercat la distribuci\u00f3 de productes del m\u00f3n de les xarxes socials, amb les seves emoticones en forma de clauers, coixins, moneders, llibretes, tasses, etc. L\u2019any 2017, hem ampliat el nostre cat\u00e0leg i distribu\u00efm la marca CELESTRON, especialitzada en telescopis, binoculars i ulleres de llarga vista de molt alta qualitat; aix\u00ed mateix, [&hellip;]<\/p>\n","protected":false},"author":1,"featured_media":0,"parent":0,"menu_order":0,"comment_status":"closed","ping_status":"closed","template":"","meta":[],"_links":{"self":[{"href":"https:\/\/www.expertandorra.com\/ca\/wp-json\/wp\/v2\/pages\/186"}],"collection":[{"href":"https:\/\/www.expertandorra.com\/ca\/wp-json\/wp\/v2\/pages"}],"about":[{"href":"https:\/\/www.expertandorra.com\/ca\/wp-json\/wp\/v2\/types\/page"}],"author":[{"embeddable":true,"href":"https:\/\/www.expertandorra.com\/ca\/wp-json\/wp\/v2\/users\/1"}],"replies":[{"embeddable":true,"href":"https:\/\/www.expertandorra.com\/ca\/wp-json\/wp\/v2\/comments?post=186"}],"version-history":[{"count":12,"href":"https:\/\/www.expertandorra.com\/ca\/wp-json\/wp\/v2\/pages\/186\/revisions"}],"predecessor-version":[{"id":392,"href":"https:\/\/www.expertandorra.com\/ca\/wp-json\/wp\/v2\/pages\/186\/revisions\/392"}],"wp:attachment":[{"href":"https:\/\/www.expertandorra.com\/ca\/wp-json\/wp\/v2\/media?parent=186"}],"curies":[{"name":"wp","href":"https:\/\/api.w.org\/{rel}","templated":true}]}}